{"id":12,"date":"2025-09-02T03:50:19","date_gmt":"2025-09-02T03:50:19","guid":{"rendered":"https:\/\/www.socorrodiaz.com\/es\/?page_id=12"},"modified":"2025-09-30T20:12:29","modified_gmt":"2025-09-30T20:12:29","slug":"conocenos","status":"publish","type":"page","link":"https:\/\/www.socorrodiaz.com\/es\/conocenos\/","title":{"rendered":"Con\u00f3ceme"},"content":{"rendered":"<p>[et_pb_section fb_built=&#8221;1&#8243; admin_label=&#8221;Header &#038; About&#8221; _builder_version=&#8221;4.27.4&#8243; _module_preset=&#8221;default&#8221; background_color=&#8221;#FCFAF3&#8243; da_disable_devices=&#8221;off|off|off&#8221; collapsed=&#8221;on&#8221; global_colors_info=&#8221;{%22gcid-555f765c-f894-450b-b9e2-169a23b01a51%22:%91%22background_color%22%93}&#8221; da_is_popup=&#8221;off&#8221; da_exit_intent=&#8221;off&#8221; da_has_close=&#8221;on&#8221; da_alt_close=&#8221;off&#8221; da_dark_close=&#8221;off&#8221; da_not_modal=&#8221;on&#8221; da_is_singular=&#8221;off&#8221; da_with_loader=&#8221;off&#8221; da_has_shadow=&#8221;on&#8221;][et_pb_row column_structure=&#8221;2_5,3_5&#8243; _builder_version=&#8221;4.27.4&#8243; _module_preset=&#8221;default&#8221; global_colors_info=&#8221;{}&#8221;][et_pb_column type=&#8221;2_5&#8243; _builder_version=&#8221;4.27.4&#8243; _module_preset=&#8221;default&#8221; global_colors_info=&#8221;{}&#8221;][et_pb_image src=&#8221;https:\/\/www.socorrodiaz.com\/es\/wp-content\/uploads\/2025\/09\/About-Socorro-Diaz.jpg&#8221; title_text=&#8221;About-Socorro-Diaz&#8221; align=&#8221;center&#8221; _builder_version=&#8221;4.27.4&#8243; _module_preset=&#8221;_initial&#8221; border_radii=&#8221;off|500px|500px||&#8221; global_colors_info=&#8221;{}&#8221;][\/et_pb_image][\/et_pb_column][et_pb_column type=&#8221;3_5&#8243; _builder_version=&#8221;4.27.4&#8243; _module_preset=&#8221;default&#8221; global_colors_info=&#8221;{}&#8221;][et_pb_text _builder_version=&#8221;4.27.4&#8243; _module_preset=&#8221;_initial&#8221; header_3_font=&#8221;Roboto||||||||&#8221; header_3_text_color=&#8221;#263577&#8243; header_3_font_size=&#8221;46px&#8221; header_3_line_height=&#8221;1.2em&#8221; header_6_font=&#8221;Roboto||||||||&#8221; max_width=&#8221;400px&#8221; max_width_tablet=&#8221;100%&#8221; max_width_phone=&#8221;100%&#8221; max_width_last_edited=&#8221;on|tablet&#8221; custom_margin=&#8221;60px||10px||false|false&#8221; hover_enabled=&#8221;0&#8243; header_3_font_size_tablet=&#8221;20px&#8221; header_3_font_size_phone=&#8221;16px&#8221; header_3_font_size_last_edited=&#8221;on|desktop&#8221; locked=&#8221;off&#8221; global_colors_info=&#8221;{}&#8221; sticky_enabled=&#8221;0&#8243;]<\/p>\n<h3>Hola \u2013 Soy Socorro<\/h3>\n<p>[\/et_pb_text][et_pb_text _builder_version=&#8221;4.27.4&#8243; _module_preset=&#8221;_initial&#8221; text_font=&#8221;Poppins|300|||||||&#8221; text_text_color=&#8221;#040506&#8243; text_line_height=&#8221;1.6em&#8221; text_orientation=&#8221;justified&#8221; hover_enabled=&#8221;0&#8243; global_colors_info=&#8221;{}&#8221; sticky_enabled=&#8221;0&#8243;]<\/p>\n<p>El trauma y la angustia emocional a menudo viven en el cuerpo, moldeando la manera en que sentimos, actuamos y nos relacionamos con los dem\u00e1s. La mayor\u00eda de las personas atraviesan la vida sin explorar la ra\u00edz de su dolor f\u00edsico y emocional.<\/p>\n<p>Esta tambi\u00e9n es mi historia. Soy inmigrante: cruc\u00e9 la frontera a los 19 a\u00f1os y viv\u00ed indocumentada durante 15 a\u00f1os. Esos a\u00f1os me ense\u00f1aron profundamente sobre lo que llamo el \u201cs\u00edndrome de la jaula de oro\u201d, inspirado en la canci\u00f3n La Jaula de Oro: la paradoja de vivir en una tierra de oportunidades mientras se siente el peso del miedo, la limitaci\u00f3n y la invisibilidad.<\/p>\n<p>Mucho antes de eso, ya hab\u00eda sobrevivido a una infancia y adolescencia marcadas por la violencia dom\u00e9stica y el abuso f\u00edsico y sexual. Durante muchos a\u00f1os silenci\u00e9 mi intuici\u00f3n, esa voz interna que todos llevamos dentro, y al hacerlo sufr\u00ed a\u00fan m\u00e1s. Sin embargo, siempre supe que mi prop\u00f3sito era claro: sanar yo misma, y despu\u00e9s ayudar a otros a sanar.<\/p>\n<p>Mi camino se abri\u00f3 cuando conoc\u00ed a mi maestra y gu\u00eda espiritual, Raquel Palmese, quien junto a su mentor Charles McCall, me acompa\u00f1\u00f3 en el arduo trabajo de reconstrucci\u00f3n emocional. A\u00f1os despu\u00e9s, mi maestra y mentora Gloria Rodr\u00edguez me present\u00f3 al programa de Constelaciones Familiares, lo cual me llev\u00f3 a\u00fan m\u00e1s profundo en mi camino de sanaci\u00f3n con mis ancestros y mi sistema familiar.<\/p>\n<p>Hoy ofrezco sesiones que integran respiraci\u00f3n consciente, inmersi\u00f3n sonora, trabajo corporal y constelaciones familiares. Estas pr\u00e1cticas ayudan a liberar el dolor, reconectar con uno mismo y superar los bloqueos que impiden vivir plenamente.<\/p>\n<p>Cada sesi\u00f3n es un intercambio sagrado. Mientras la energ\u00eda divina fluye a trav\u00e9s de m\u00ed, me transformo junto con la persona con la que trabajo. Para m\u00ed, la sanaci\u00f3n nunca es unilateral: enriquece a ambos.<\/p>\n<p>[\/et_pb_text][et_pb_social_media_follow _builder_version=&#8221;4.27.4&#8243; _module_preset=&#8221;default&#8221; animation_style=&#8221;slide&#8221; animation_duration=&#8221;1300ms&#8221; border_radii=&#8221;on|100px|100px|100px|100px&#8221; global_colors_info=&#8221;{}&#8221;][et_pb_social_media_follow_network social_network=&#8221;linkedin&#8221; url=&#8221;https:\/\/www.linkedin.com\/in\/socorro-diaz-\/&#8221; icon_color=&#8221;#263577&#8243; _builder_version=&#8221;4.27.4&#8243; _module_preset=&#8221;default&#8221; background_color=&#8221;#FFFFFF&#8221; background_enable_color=&#8221;on&#8221; global_colors_info=&#8221;{}&#8221; follow_button=&#8221;off&#8221; url_new_window=&#8221;on&#8221;]linkedin[\/et_pb_social_media_follow_network][et_pb_social_media_follow_network social_network=&#8221;instagram&#8221; url=&#8221;https:\/\/www.instagram.com\/socorrodiazofficial\/&#8221; icon_color=&#8221;#263577&#8243; _builder_version=&#8221;4.27.4&#8243; _module_preset=&#8221;default&#8221; background_color=&#8221;#FFFFFF&#8221; background_enable_color=&#8221;on&#8221; global_colors_info=&#8221;{}&#8221; follow_button=&#8221;off&#8221; url_new_window=&#8221;on&#8221;]instagram[\/et_pb_social_media_follow_network][et_pb_social_media_follow_network social_network=&#8221;facebook&#8221; url=&#8221;https:\/\/www.facebook.com\/socorrodiazofficial\/&#8221; icon_color=&#8221;#263577&#8243; _builder_version=&#8221;4.27.4&#8243; _module_preset=&#8221;default&#8221; background_color=&#8221;#FFFFFF&#8221; background_enable_color=&#8221;on&#8221; global_colors_info=&#8221;{}&#8221; follow_button=&#8221;off&#8221; url_new_window=&#8221;on&#8221;]facebook[\/et_pb_social_media_follow_network][et_pb_social_media_follow_network social_network=&#8221;youtube&#8221; url=&#8221;https:\/\/www.youtube.com\/channel\/UC_6KM-CpH2yDpTrbYOLPYBg&#8221; icon_color=&#8221;#263577&#8243; _builder_version=&#8221;4.27.4&#8243; _module_preset=&#8221;default&#8221; background_color=&#8221;#FFFFFF&#8221; background_enable_color=&#8221;on&#8221; global_colors_info=&#8221;{}&#8221; follow_button=&#8221;off&#8221; url_new_window=&#8221;on&#8221;]youtube[\/et_pb_social_media_follow_network][\/et_pb_social_media_follow][\/et_pb_column][\/et_pb_row][\/et_pb_section][et_pb_section fb_built=&#8221;1&#8243; admin_label=&#8221;Footer&#8221; _builder_version=&#8221;4.27.4&#8243; _module_preset=&#8221;default&#8221; background_color=&#8221;gcid-c59f26e3-590f-496b-80ee-fb9b0d149517&#8243; custom_margin=&#8221;4vw|4vw|4vw|4vw|true|true&#8221; custom_margin_tablet=&#8221;30px|30px|30px|30px|true|true&#8221; custom_margin_phone=&#8221;20px|20px|20px|20px|true|true&#8221; custom_margin_last_edited=&#8221;off|desktop&#8221; custom_padding=&#8221;||0px|||&#8221; da_disable_devices=&#8221;off|off|off&#8221; saved_tabs=&#8221;all&#8221; collapsed=&#8221;on&#8221; global_colors_info=&#8221;{%22gcid-c59f26e3-590f-496b-80ee-fb9b0d149517%22:%91%22background_color%22%93}&#8221; da_is_popup=&#8221;off&#8221; da_exit_intent=&#8221;off&#8221; da_has_close=&#8221;on&#8221; da_alt_close=&#8221;off&#8221; da_dark_close=&#8221;off&#8221; da_not_modal=&#8221;on&#8221; da_is_singular=&#8221;off&#8221; da_with_loader=&#8221;off&#8221; da_has_shadow=&#8221;on&#8221;][et_pb_row use_custom_gutter=&#8221;on&#8221; gutter_width=&#8221;2&#8243; _builder_version=&#8221;4.27.4&#8243; _module_preset=&#8221;default&#8221; width=&#8221;90%&#8221; max_width=&#8221;none&#8221; global_colors_info=&#8221;{}&#8221;][et_pb_column type=&#8221;4_4&#8243; _builder_version=&#8221;4.24.2&#8243; _module_preset=&#8221;default&#8221; global_colors_info=&#8221;{}&#8221;][et_pb_text _builder_version=&#8221;4.27.4&#8243; _module_preset=&#8221;_initial&#8221; header_3_font=&#8221;Roboto||||||||&#8221; header_3_text_align=&#8221;center&#8221; header_3_text_color=&#8221;#263577&#8243; header_3_font_size=&#8221;36px&#8221; header_3_line_height=&#8221;1.2em&#8221; header_6_font=&#8221;Roboto||||||||&#8221; max_width_tablet=&#8221;100%&#8221; max_width_phone=&#8221;100%&#8221; max_width_last_edited=&#8221;on|tablet&#8221; custom_margin=&#8221;||10px||false|false&#8221; hover_enabled=&#8221;0&#8243; header_3_font_size_tablet=&#8221;20px&#8221; header_3_font_size_phone=&#8221;16px&#8221; header_3_font_size_last_edited=&#8221;on|desktop&#8221; locked=&#8221;off&#8221; global_colors_info=&#8221;{}&#8221; sticky_enabled=&#8221;0&#8243;]<\/p>\n<h3>Mis Certificaciones<\/h3>\n<p>[\/et_pb_text][\/et_pb_column][\/et_pb_row][et_pb_row column_structure=&#8221;1_3,1_3,1_3&#8243; use_custom_gutter=&#8221;on&#8221; gutter_width=&#8221;2&#8243; _builder_version=&#8221;4.27.4&#8243; _module_preset=&#8221;default&#8221; width=&#8221;90%&#8221; max_width=&#8221;none&#8221; global_colors_info=&#8221;{}&#8221;][et_pb_column type=&#8221;1_3&#8243; _builder_version=&#8221;4.27.4&#8243; _module_preset=&#8221;default&#8221; global_colors_info=&#8221;{}&#8221;][et_pb_blurb title=&#8221;Escuela Nuevas Constelaciones Familiares, Colombia&#8221; image=&#8221;https:\/\/www.socorrodiaz.com\/es\/wp-content\/uploads\/2025\/09\/start-cert-120x.png&#8221; _builder_version=&#8221;4.27.4&#8243; _module_preset=&#8221;default&#8221; header_font=&#8221;Poppins|300|||||||&#8221; header_text_align=&#8221;center&#8221; header_text_color=&#8221;#414764&#8243; body_font=&#8221;Poppins||||||||&#8221; body_text_align=&#8221;center&#8221; body_text_color=&#8221;#414764&#8243; background_color=&#8221;#FCFAF3&#8243; custom_padding=&#8221;50px|20px|50px|20px|true|true&#8221; border_radii=&#8221;on|30px|30px|30px|30px&#8221; global_colors_info=&#8221;{}&#8221;]<\/p>\n<p><strong>Family Constellations Certification<\/strong><br \/><em>April 2023<\/em><\/p>\n<p>[\/et_pb_blurb][\/et_pb_column][et_pb_column type=&#8221;1_3&#8243; _builder_version=&#8221;4.24.2&#8243; _module_preset=&#8221;default&#8221; global_colors_info=&#8221;{}&#8221;][et_pb_blurb title=&#8221;Klose Training&#8221; image=&#8221;https:\/\/www.socorrodiaz.com\/es\/wp-content\/uploads\/2025\/09\/start-cert-120x.png&#8221; _builder_version=&#8221;4.27.4&#8243; _module_preset=&#8221;default&#8221; header_font=&#8221;Poppins|300|||||||&#8221; header_text_align=&#8221;center&#8221; header_text_color=&#8221;#414764&#8243; body_font=&#8221;Poppins||||||||&#8221; body_text_align=&#8221;center&#8221; body_text_color=&#8221;#414764&#8243; background_color=&#8221;#FCFAF3&#8243; custom_padding=&#8221;50px|20px|50px|20px|true|true&#8221; border_radii=&#8221;on|30px|30px|30px|30px&#8221; global_colors_info=&#8221;{}&#8221;]<\/p>\n<p><strong>Lymphedema Certification<\/strong><br \/><em>September 2019<\/em><\/p>\n<p>[\/et_pb_blurb][\/et_pb_column][et_pb_column type=&#8221;1_3&#8243; _builder_version=&#8221;4.24.2&#8243; _module_preset=&#8221;default&#8221; global_colors_info=&#8221;{}&#8221;][et_pb_blurb title=&#8221;Institute of Integrative Oncology&#8221; image=&#8221;https:\/\/www.socorrodiaz.com\/es\/wp-content\/uploads\/2025\/09\/start-cert-120x.png&#8221; _builder_version=&#8221;4.27.4&#8243; _module_preset=&#8221;default&#8221; header_font=&#8221;Poppins|300|||||||&#8221; header_text_align=&#8221;center&#8221; header_text_color=&#8221;#414764&#8243; body_font=&#8221;Poppins||||||||&#8221; body_text_align=&#8221;center&#8221; body_text_color=&#8221;#414764&#8243; background_color=&#8221;#FCFAF3&#8243; custom_padding=&#8221;50px|20px|50px|20px|true|true&#8221; border_radii=&#8221;on|30px|30px|30px|30px&#8221; global_colors_info=&#8221;{}&#8221;]<\/p>\n<p><strong>Oncology Massage<\/strong><br \/><em>June 2018<\/em><\/p>\n<p>[\/et_pb_blurb][\/et_pb_column][\/et_pb_row][et_pb_row column_structure=&#8221;1_3,1_3,1_3&#8243; use_custom_gutter=&#8221;on&#8221; gutter_width=&#8221;2&#8243; _builder_version=&#8221;4.27.4&#8243; _module_preset=&#8221;default&#8221; width=&#8221;90%&#8221; max_width=&#8221;none&#8221; global_colors_info=&#8221;{}&#8221;][et_pb_column type=&#8221;1_3&#8243; _builder_version=&#8221;4.27.4&#8243; _module_preset=&#8221;default&#8221; global_colors_info=&#8221;{}&#8221;][et_pb_blurb title=&#8221;Saddleback College&#8221; image=&#8221;https:\/\/www.socorrodiaz.com\/es\/wp-content\/uploads\/2025\/09\/start-cert-120x.png&#8221; _builder_version=&#8221;4.27.4&#8243; _module_preset=&#8221;default&#8221; header_font=&#8221;Poppins|300|||||||&#8221; header_text_align=&#8221;center&#8221; header_text_color=&#8221;#414764&#8243; body_font=&#8221;Poppins||||||||&#8221; body_text_align=&#8221;center&#8221; body_text_color=&#8221;#414764&#8243; background_color=&#8221;#FCFAF3&#8243; custom_padding=&#8221;50px|20px|50px|20px|true|true&#8221; border_radii=&#8221;on|30px|30px|30px|30px&#8221; global_colors_info=&#8221;{}&#8221;]<\/p>\n<p><strong>Geriatric Studies Certification<\/strong><br \/><em>June 2018<\/em><\/p>\n<p>[\/et_pb_blurb][\/et_pb_column][et_pb_column type=&#8221;1_3&#8243; _builder_version=&#8221;4.24.2&#8243; _module_preset=&#8221;default&#8221; global_colors_info=&#8221;{}&#8221;][et_pb_blurb title=&#8221;Sacred Crossings&#8221; image=&#8221;https:\/\/www.socorrodiaz.com\/es\/wp-content\/uploads\/2025\/09\/start-cert-120x.png&#8221; _builder_version=&#8221;4.27.4&#8243; _module_preset=&#8221;default&#8221; header_font=&#8221;Poppins|300|||||||&#8221; header_text_align=&#8221;center&#8221; header_text_color=&#8221;#414764&#8243; body_font=&#8221;Poppins||||||||&#8221; body_text_align=&#8221;center&#8221; body_text_color=&#8221;#414764&#8243; background_color=&#8221;#FCFAF3&#8243; custom_padding=&#8221;50px|20px|50px|20px|true|true&#8221; border_radii=&#8221;on|30px|30px|30px|30px&#8221; global_colors_info=&#8221;{}&#8221;]<\/p>\n<p><strong>The Art of Death Doula\/Midwifery Certification<\/strong><br \/><em>November 2017<\/em><\/p>\n<p>[\/et_pb_blurb][\/et_pb_column][et_pb_column type=&#8221;1_3&#8243; _builder_version=&#8221;4.24.2&#8243; _module_preset=&#8221;default&#8221; global_colors_info=&#8221;{}&#8221;][et_pb_blurb title=&#8221;Healing Hands, School of Holistic Health&#8221; image=&#8221;https:\/\/www.socorrodiaz.com\/es\/wp-content\/uploads\/2025\/09\/start-cert-120x.png&#8221; _builder_version=&#8221;4.27.4&#8243; _module_preset=&#8221;default&#8221; header_font=&#8221;Poppins|300|||||||&#8221; header_text_align=&#8221;center&#8221; header_text_color=&#8221;#414764&#8243; body_font=&#8221;Poppins||||||||&#8221; body_text_align=&#8221;center&#8221; body_text_color=&#8221;#414764&#8243; background_color=&#8221;#FCFAF3&#8243; custom_padding=&#8221;50px|20px|50px|20px|true|true&#8221; border_radii=&#8221;on|30px|30px|30px|30px&#8221; global_colors_info=&#8221;{}&#8221;]<\/p>\n<p><strong>Craniosacral Therapy Certification<\/strong><br \/><em>February 2014<\/em><\/p>\n<p>[\/et_pb_blurb][\/et_pb_column][\/et_pb_row][et_pb_row column_structure=&#8221;1_3,1_3,1_3&#8243; use_custom_gutter=&#8221;on&#8221; gutter_width=&#8221;2&#8243; _builder_version=&#8221;4.27.4&#8243; _module_preset=&#8221;default&#8221; width=&#8221;90%&#8221; max_width=&#8221;none&#8221; global_colors_info=&#8221;{}&#8221;][et_pb_column type=&#8221;1_3&#8243; _builder_version=&#8221;4.27.4&#8243; _module_preset=&#8221;default&#8221; global_colors_info=&#8221;{}&#8221;][et_pb_blurb title=&#8221;DONA International&#8221; image=&#8221;https:\/\/www.socorrodiaz.com\/es\/wp-content\/uploads\/2025\/09\/start-cert-120x.png&#8221; _builder_version=&#8221;4.27.4&#8243; _module_preset=&#8221;default&#8221; header_font=&#8221;Poppins|300|||||||&#8221; header_text_align=&#8221;center&#8221; header_text_color=&#8221;#414764&#8243; body_font=&#8221;Poppins||||||||&#8221; body_text_align=&#8221;center&#8221; body_text_color=&#8221;#414764&#8243; background_color=&#8221;#FCFAF3&#8243; custom_padding=&#8221;50px|20px|50px|20px|true|true&#8221; border_radii=&#8221;on|30px|30px|30px|30px&#8221; global_colors_info=&#8221;{}&#8221;]<\/p>\n<p><strong>Birth Doula Certification<\/strong><br \/><em>September 2013<\/em><\/p>\n<p>[\/et_pb_blurb][\/et_pb_column][et_pb_column type=&#8221;1_3&#8243; _builder_version=&#8221;4.24.2&#8243; _module_preset=&#8221;default&#8221; global_colors_info=&#8221;{}&#8221;][et_pb_blurb title=&#8221;Healing Hands, School of Holistic Health&#8221; image=&#8221;https:\/\/www.socorrodiaz.com\/es\/wp-content\/uploads\/2025\/09\/start-cert-120x.png&#8221; _builder_version=&#8221;4.27.4&#8243; _module_preset=&#8221;default&#8221; header_font=&#8221;Poppins|300|||||||&#8221; header_text_align=&#8221;center&#8221; header_text_color=&#8221;#414764&#8243; body_font=&#8221;Poppins||||||||&#8221; body_text_align=&#8221;center&#8221; body_text_color=&#8221;#414764&#8243; background_color=&#8221;#FCFAF3&#8243; custom_padding=&#8221;50px|20px|50px|20px|true|true&#8221; border_radii=&#8221;on|30px|30px|30px|30px&#8221; global_colors_info=&#8221;{}&#8221;]<\/p>\n<p><strong>Holistic Health Practitioner<\/strong><br \/><em>September 2003<\/em><\/p>\n<p>[\/et_pb_blurb][\/et_pb_column][et_pb_column type=&#8221;1_3&#8243; _builder_version=&#8221;4.24.2&#8243; _module_preset=&#8221;default&#8221; global_colors_info=&#8221;{}&#8221;][et_pb_blurb title=&#8221;Somatic Health Solutions&#8221; image=&#8221;https:\/\/www.socorrodiaz.com\/es\/wp-content\/uploads\/2025\/09\/start-cert-120x.png&#8221; _builder_version=&#8221;4.27.4&#8243; _module_preset=&#8221;default&#8221; header_font=&#8221;Poppins|300|||||||&#8221; header_text_align=&#8221;center&#8221; header_text_color=&#8221;#414764&#8243; body_font=&#8221;Poppins||||||||&#8221; body_text_align=&#8221;center&#8221; body_text_color=&#8221;#414764&#8243; background_color=&#8221;#FCFAF3&#8243; custom_padding=&#8221;50px|20px|50px|20px|true|true&#8221; border_radii=&#8221;on|30px|30px|30px|30px&#8221; global_colors_info=&#8221;{}&#8221;]<\/p>\n<p><strong>Somatic Explorations, Somatic Techniques, Somatic Massage<\/strong><br \/><em>January 2001<\/em><\/p>\n<p>[\/et_pb_blurb][\/et_pb_column][\/et_pb_row][et_pb_row use_custom_gutter=&#8221;on&#8221; gutter_width=&#8221;2&#8243; _builder_version=&#8221;4.27.4&#8243; _module_preset=&#8221;default&#8221; width=&#8221;90%&#8221; max_width=&#8221;none&#8221; global_colors_info=&#8221;{}&#8221;][et_pb_column type=&#8221;4_4&#8243; _builder_version=&#8221;4.27.4&#8243; _module_preset=&#8221;default&#8221; global_colors_info=&#8221;{}&#8221;][et_pb_image src=&#8221;https:\/\/www.socorrodiaz.com\/es\/wp-content\/uploads\/2025\/09\/logo-socorro-diaz.png&#8221; title_text=&#8221;logo-socorro-diaz&#8221; align=&#8221;center&#8221; _builder_version=&#8221;4.27.4&#8243; _module_preset=&#8221;default&#8221; global_colors_info=&#8221;{}&#8221;][\/et_pb_image][\/et_pb_column][\/et_pb_row][\/et_pb_section]<\/p>\n","protected":false},"excerpt":{"rendered":"<p>Hola \u2013 Soy SocorroEl trauma y la angustia emocional a menudo viven en el cuerpo, moldeando la manera en que sentimos, actuamos y nos relacionamos con los dem\u00e1s. La mayor\u00eda de las personas atraviesan la vida sin explorar la ra\u00edz de su dolor f\u00edsico y emocional. Esta tambi\u00e9n es mi historia. Soy inmigrante: cruc\u00e9 la [&hellip;]<\/p>\n","protected":false},"author":2,"featured_media":0,"parent":0,"menu_order":0,"comment_status":"closed","ping_status":"closed","template":"","meta":{"_et_pb_use_builder":"on","_et_pb_old_content":"<!-- wp:divi\/placeholder \/-->","_et_gb_content_width":"","om_disable_all_campaigns":false,"_joinchat":[],"footnotes":""},"class_list":["post-12","page","type-page","status-publish","hentry"],"jetpack_sharing_enabled":true,"_links":{"self":[{"href":"https:\/\/www.socorrodiaz.com\/es\/wp-json\/wp\/v2\/pages\/12","targetHints":{"allow":["GET"]}}],"collection":[{"href":"https:\/\/www.socorrodiaz.com\/es\/wp-json\/wp\/v2\/pages"}],"about":[{"href":"https:\/\/www.socorrodiaz.com\/es\/wp-json\/wp\/v2\/types\/page"}],"author":[{"embeddable":true,"href":"https:\/\/www.socorrodiaz.com\/es\/wp-json\/wp\/v2\/users\/2"}],"replies":[{"embeddable":true,"href":"https:\/\/www.socorrodiaz.com\/es\/wp-json\/wp\/v2\/comments?post=12"}],"version-history":[{"count":5,"href":"https:\/\/www.socorrodiaz.com\/es\/wp-json\/wp\/v2\/pages\/12\/revisions"}],"predecessor-version":[{"id":508,"href":"https:\/\/www.socorrodiaz.com\/es\/wp-json\/wp\/v2\/pages\/12\/revisions\/508"}],"wp:attachment":[{"href":"https:\/\/www.socorrodiaz.com\/es\/wp-json\/wp\/v2\/media?parent=12"}],"curies":[{"name":"wp","href":"https:\/\/api.w.org\/{rel}","templated":true}]}}