{"id":16,"date":"2025-09-02T03:51:12","date_gmt":"2025-09-02T03:51:12","guid":{"rendered":"https:\/\/www.socorrodiaz.com\/es\/?page_id=16"},"modified":"2025-09-30T20:28:39","modified_gmt":"2025-09-30T20:28:39","slug":"faq","status":"publish","type":"page","link":"https:\/\/www.socorrodiaz.com\/es\/faq\/","title":{"rendered":"FAQ"},"content":{"rendered":"<p>[et_pb_section fb_built=&#8221;1&#8243; admin_label=&#8221;section&#8221; _builder_version=&#8221;4.27.4&#8243; background_color=&#8221;#FCFAF3&#8243; custom_padding=&#8221;||0px||false|false&#8221; da_disable_devices=&#8221;off|off|off&#8221; global_colors_info=&#8221;{}&#8221; da_is_popup=&#8221;off&#8221; da_exit_intent=&#8221;off&#8221; da_has_close=&#8221;on&#8221; da_alt_close=&#8221;off&#8221; da_dark_close=&#8221;off&#8221; da_not_modal=&#8221;on&#8221; da_is_singular=&#8221;off&#8221; da_with_loader=&#8221;off&#8221; da_has_shadow=&#8221;on&#8221;][et_pb_row admin_label=&#8221;row&#8221; _builder_version=&#8221;4.27.4&#8243; background_size=&#8221;initial&#8221; background_position=&#8221;top_left&#8221; background_repeat=&#8221;repeat&#8221; global_colors_info=&#8221;{}&#8221;][et_pb_column type=&#8221;4_4&#8243; _builder_version=&#8221;4.16&#8243; custom_padding=&#8221;|||&#8221; global_colors_info=&#8221;{}&#8221; custom_padding__hover=&#8221;|||&#8221;][et_pb_text _builder_version=&#8221;4.27.4&#8243; _module_preset=&#8221;_initial&#8221; text_font=&#8221;Poppins|300|||||||&#8221; header_2_font=&#8221;Roboto||||||||&#8221; header_2_text_color=&#8221;#263577&#8243; header_2_font_size=&#8221;46px&#8221; header_3_font=&#8221;Roboto||||||||&#8221; header_3_text_color=&#8221;#263577&#8243; header_3_font_size=&#8221;36px&#8221; header_3_line_height=&#8221;1.2em&#8221; header_6_font=&#8221;Roboto||||||||&#8221; text_orientation=&#8221;center&#8221; max_width_tablet=&#8221;100%&#8221; max_width_phone=&#8221;100%&#8221; max_width_last_edited=&#8221;off|desktop&#8221; custom_margin=&#8221;||10px||false|false&#8221; hover_enabled=&#8221;0&#8243; header_3_font_size_tablet=&#8221;20px&#8221; header_3_font_size_phone=&#8221;16px&#8221; header_3_font_size_last_edited=&#8221;on|desktop&#8221; locked=&#8221;off&#8221; global_colors_info=&#8221;{}&#8221; sticky_enabled=&#8221;0&#8243;]<\/p>\n<h2>FAQ<\/h2>\n<p>Encuentre respuestas a las preguntas m\u00e1s frecuentes[\/et_pb_text][\/et_pb_column][\/et_pb_row][\/et_pb_section][et_pb_section fb_built=&#8221;1&#8243; admin_label=&#8221;Footer&#8221; _builder_version=&#8221;4.27.4&#8243; _module_preset=&#8221;default&#8221; background_color=&#8221;#FCFAF3&#8243; background_enable_image=&#8221;off&#8221; background_size=&#8221;custom&#8221; background_image_width=&#8221;30%&#8221; background_position=&#8221;bottom_right&#8221; animation_style=&#8221;fade&#8221; animation_delay=&#8221;200ms&#8221; animation_starting_opacity=&#8221;20%&#8221; da_disable_devices=&#8221;off|off|off&#8221; saved_tabs=&#8221;all&#8221; collapsed=&#8221;on&#8221; global_colors_info=&#8221;{}&#8221; da_is_popup=&#8221;off&#8221; da_exit_intent=&#8221;off&#8221; da_has_close=&#8221;on&#8221; da_alt_close=&#8221;off&#8221; da_dark_close=&#8221;off&#8221; da_not_modal=&#8221;on&#8221; da_is_singular=&#8221;off&#8221; da_with_loader=&#8221;off&#8221; da_has_shadow=&#8221;on&#8221;][et_pb_row _builder_version=&#8221;4.21.0&#8243; _module_preset=&#8221;default&#8221; animation_style=&#8221;fade&#8221; global_colors_info=&#8221;{}&#8221;][et_pb_column type=&#8221;4_4&#8243; _builder_version=&#8221;4.21.0&#8243; _module_preset=&#8221;default&#8221; global_colors_info=&#8221;{}&#8221;][et_pb_accordion open_toggle_text_color=&#8221;#263577&#8243; open_toggle_background_color=&#8221;#FCFAF3&#8243; closed_toggle_background_color=&#8221;#414764&#8243; toggle_icon=&#8221;&#xe04c;||divi||400&#8243; icon_color=&#8221;#ECE2C6&#8243; _builder_version=&#8221;4.27.4&#8243; _module_preset=&#8221;default&#8221; toggle_text_color=&#8221;#ffffff&#8221; toggle_font=&#8221;Roboto|500|||||||&#8221; closed_toggle_font=&#8221;Roboto|500|||||||&#8221; body_font=&#8221;Poppins|300|||||||&#8221; max_width=&#8221;680px&#8221; module_alignment=&#8221;center&#8221; global_colors_info=&#8221;{}&#8221;][et_pb_accordion_item title=&#8221;01) \u00bfQu\u00e9 buscan las personas cuando acuden a usted en busca de servicios?&#8221; open=&#8221;on&#8221; _builder_version=&#8221;4.27.4&#8243; _module_preset=&#8221;default&#8221; global_colors_info=&#8221;{}&#8221;]Las personas que acuden a m\u00ed buscan liberarse de traumas relacionados con:<\/p>\n<p>Problemas infantiles, acoso escolar, abuso sexual\/f\u00edsico, relaciones dif\u00edciles con los padres que afectan a las relaciones actuales con los hijos, las parejas y en el trabajo.<\/p>\n<p>Accidentes, supervivientes de c\u00e1ncer y otras afecciones de salud.<\/p>\n<p>Depresi\u00f3n y otros problemas de salud mental.<\/p>\n<p>Personas que han estado en terapia y est\u00e1n tomando medicaci\u00f3n.<\/p>\n<p>Otros terapeutas corporales y sanadores (no muy com\u00fan).<\/p>\n<p>Algunos han probado otras terapias. Un comentario habitual que escucho es: \u00abLlevo X tiempo haciendo terapia conversacional y siento que necesito algo m\u00e1s. Necesito eliminar el \u00abbloqueo\u00bb, las emociones que siento en mi cuerpo\u00bb.[\/et_pb_accordion_item][et_pb_accordion_item title=&#8221;02) \u00bfQu\u00e9 incluye una sesi\u00f3n?&#8221; _builder_version=&#8221;4.27.4&#8243; _module_preset=&#8221;default&#8221; global_colors_info=&#8221;{}&#8221; open=&#8221;off&#8221;]Cada sesi\u00f3n es \u00fanica para cada persona. Dejo que las Gu\u00edas del consultor trabajen con las m\u00edas, yo solo ayudo en el proceso como intermediario o tercero.[\/et_pb_accordion_item][et_pb_accordion_item title=&#8221;03) \u00bfCu\u00e1ntas sesiones necesitar\u00e9?&#8221; _builder_version=&#8221;4.27.4&#8243; _module_preset=&#8221;default&#8221; global_colors_info=&#8221;{}&#8221; content__hover_enabled=&#8221;off|desktop&#8221; open=&#8221;off&#8221;]<\/p>\n<p>Var\u00eda enormemente seg\u00fan la persona. Depende de cu\u00e1n profundo y cu\u00e1n lejos quieras llegar en tu proceso de sanaci\u00f3n.<\/p>\n<p>[\/et_pb_accordion_item][et_pb_accordion_item title=&#8221;04) \u00bfCu\u00e1ndo deber\u00eda volver?&#8221; _builder_version=&#8221;4.27.4&#8243; _module_preset=&#8221;default&#8221; global_colors_info=&#8221;{}&#8221; content__hover_enabled=&#8221;off|desktop&#8221; open=&#8221;off&#8221;]<\/p>\n<p>Cuando est\u00e9s listo para otra sesi\u00f3n, lo sabr\u00e1s. Dale al menos tres semanas para que El Trabajo surta efecto.<\/p>\n<p>[\/et_pb_accordion_item][et_pb_accordion_item title=&#8221;05) \u00bfCu\u00e1nto tiempo voy a tardar en curarme?&#8221; _builder_version=&#8221;4.27.4&#8243; _module_preset=&#8221;default&#8221; global_colors_info=&#8221;{}&#8221; content__hover_enabled=&#8221;off|desktop&#8221; open=&#8221;off&#8221;]Realmente no hay forma de saberlo. Cada persona est\u00e1 en su propio viaje, y puede que haya mucho que analizar y discutir, o puede que sea muy sencillo. Planificar\u00e9 tu viaje contigo, para que nunca est\u00e9s solo en \u00e9l.[\/et_pb_accordion_item][et_pb_accordion_item title=&#8221;06) \u00bfQu\u00e9 problemas resuelve para sus clientes?&#8221; _builder_version=&#8221;4.27.4&#8243; _module_preset=&#8221;default&#8221; global_colors_info=&#8221;{}&#8221; content__hover_enabled=&#8221;off|desktop&#8221; open=&#8221;off&#8221;]No resuelvo ning\u00fan problema por mis clientes. Les ayudo a encontrar sus propias soluciones, a escuchar su gu\u00eda interior, prestando atenci\u00f3n a las sensaciones de su cuerpo, sus emociones y sus pensamientos (sistemas de creencias). Al hacerlo, la persona adquiere una nueva conciencia y, con esta nueva conciencia, es capaz de cambiar a una nueva forma de relacionarse consigo misma y con los dem\u00e1s, m\u00e1s saludable, m\u00e1s compasiva y m\u00e1s amorosa.[\/et_pb_accordion_item][et_pb_accordion_item title=&#8221;07) \u00bfQu\u00e9 son las Constelaciones Familiares?&#8221; _builder_version=&#8221;4.27.4&#8243; _module_preset=&#8221;default&#8221; global_colors_info=&#8221;{}&#8221; content__hover_enabled=&#8221;off|desktop&#8221; open=&#8221;off&#8221;]Las constelaciones familiares son una modalidad que explora los traumas intergeneracionales y los enredos dentro del sistema familiar. Si bien hay evidencia cient\u00edfica de que las familias transmiten componentes epigen\u00e9ticos a trav\u00e9s de las generaciones, el trabajo con constelaciones familiares se realiza a nivel del alma.<\/p>\n<p>En el fondo, en su mayor parte inconsciente, existe una profunda lealtad y amor, ya que asumimos la energ\u00eda, las enfermedades y los patrones de ciertos miembros de la familia para poder pertenecer al sistema.[\/et_pb_accordion_item][et_pb_accordion_item title=&#8221;08) \u00bfQu\u00e9 tipo de problemas abordan las constelaciones familiares?&#8221; _builder_version=&#8221;4.27.4&#8243; _module_preset=&#8221;default&#8221; global_colors_info=&#8221;{}&#8221; content__hover_enabled=&#8221;off|desktop&#8221; open=&#8221;off&#8221;]Este trabajo es para cualquier persona que se sienta estancada en la vida, que note un patr\u00f3n familiar repetitivo o que busque una comprensi\u00f3n m\u00e1s profunda sobre un tema concreto, como las relaciones, las enfermedades y las emociones.<\/p>\n<p>Cualquier tema puede abordarse utilizando esta metodolog\u00eda, siempre y cuando sea algo que te preocupe profundamente.<\/p>\n<p>Cuanto m\u00e1s conciso seas al expresar tu problema, m\u00e1s clara ser\u00e1 la constelaci\u00f3n.<\/p>\n<p>Todos tenemos m\u00faltiples problemas que se superponen. Puede resultar dif\u00edcil elegir solo uno. Si te cuesta formular el problema, mi trabajo como facilitador es ayudarte a llegar a la esencia. Estos son algunos de los temas que se han explorado:<\/p>\n<p>\u2022Problemas con tu madre o tu padre (tambi\u00e9n conocidos como heridas maternas o heridas paternas).<br \/>\n\u2022Enfermedad<br \/>\n\u2022Sentirse como la oveja negra de la familia<br \/>\n\u2022Sentir depresi\u00f3n, dolor o miedo que va m\u00e1s all\u00e1 de las circunstancias de su vida<br \/>\n\u2022Adicciones\/Alcoholismo<br \/>\n\u2022Sentirse estancado en su carrera o en su camino en la vida<br \/>\n\u2022Problemas con sus hijos<br \/>\n\u2022Embarazo\/P\u00e9rdida<br \/>\n\u2022Dinero\/\u00c9xito\/Abundancia<br \/>\n\u2022Suicidio<br \/>\n\u2022Abuso\/Negligencia<br \/>\n\u2022Adopci\u00f3n[\/et_pb_accordion_item][et_pb_accordion_item title=&#8221;09) \u00bfSignifica esto que tengo que perdonar a quienes me han hecho da\u00f1o?&#8221; _builder_version=&#8221;4.27.4&#8243; _module_preset=&#8221;default&#8221; global_colors_info=&#8221;{}&#8221; content__hover_enabled=&#8221;off|desktop&#8221; open=&#8221;off&#8221;]No. Este trabajo consiste en ver lo que hay. No culpamos ni pedimos perd\u00f3n. Si eso ocurre como resultado de una constelaci\u00f3n, que as\u00ed sea. Pero no es un requisito ni algo que busquemos conseguir.[\/et_pb_accordion_item][et_pb_accordion_item title=&#8221;10) Mis padres han fallecido y no tengo hijos. \u00bfPuedo seguir haciendo este trabajo?&#8221; _builder_version=&#8221;4.27.4&#8243; _module_preset=&#8221;default&#8221; global_colors_info=&#8221;{}&#8221; content__hover_enabled=&#8221;off|desktop&#8221; open=&#8221;off&#8221;]S\u00ed, no importa si los miembros de la familia est\u00e1n vivos o muertos. \u00a1Este es un trabajo a nivel del alma para TI![\/et_pb_accordion_item][\/et_pb_accordion][\/et_pb_column][\/et_pb_row][\/et_pb_section][et_pb_section fb_built=&#8221;1&#8243; _builder_version=&#8221;4.27.4&#8243; _module_preset=&#8221;default&#8221; background_color=&#8221;#263577&#8243; background_image=&#8221;https:\/\/www.socorrodiaz.com\/es\/wp-content\/uploads\/2025\/09\/Socorro-Diaz-img-14.jpg&#8221; background_blend=&#8221;multiply&#8221; da_disable_devices=&#8221;off|off|off&#8221; global_module=&#8221;159&#8243; global_colors_info=&#8221;{}&#8221; da_is_popup=&#8221;off&#8221; da_exit_intent=&#8221;off&#8221; da_has_close=&#8221;on&#8221; da_alt_close=&#8221;off&#8221; da_dark_close=&#8221;off&#8221; da_not_modal=&#8221;on&#8221; da_is_singular=&#8221;off&#8221; da_with_loader=&#8221;off&#8221; da_has_shadow=&#8221;on&#8221;][et_pb_row column_structure=&#8221;3_5,2_5&#8243; _builder_version=&#8221;4.27.4&#8243; _module_preset=&#8221;default&#8221; global_colors_info=&#8221;{}&#8221;][et_pb_column type=&#8221;3_5&#8243; _builder_version=&#8221;4.27.4&#8243; _module_preset=&#8221;default&#8221; global_colors_info=&#8221;{}&#8221;][et_pb_text _builder_version=&#8221;4.27.4&#8243; _module_preset=&#8221;default&#8221; text_font=&#8221;Poppins|300|||||||&#8221; text_text_color=&#8221;#D9C6B0&#8243; header_3_font=&#8221;Roboto||||||||&#8221; header_3_text_color=&#8221;#ffffff&#8221; header_3_font_size=&#8221;36px&#8221; header_3_line_height=&#8221;1.2em&#8221; header_6_font=&#8221;Roboto||||||||&#8221; custom_margin=&#8221;||10px||false|false&#8221; header_3_font_size_tablet=&#8221;20px&#8221; header_3_font_size_phone=&#8221;16px&#8221; header_3_font_size_last_edited=&#8221;on|desktop&#8221; global_colors_info=&#8221;{}&#8221;]<\/p>\n<h3>Da el primer paso hacia la sanaci\u00f3n<\/h3>\n<p>Reserva hoy mismo tu llamada de descubrimiento y empieza a avanzar hacia el equilibrio, la claridad y la libertad emocional.[\/et_pb_text][\/et_pb_column][et_pb_column type=&#8221;2_5&#8243; _builder_version=&#8221;4.27.4&#8243; _module_preset=&#8221;default&#8221; global_colors_info=&#8221;{}&#8221;][et_pb_button button_url=&#8221;@ET-DC@eyJkeW5hbWljIjp0cnVlLCJjb250ZW50IjoicG9zdF9saW5rX3VybF9wYWdlIiwic2V0dGluZ3MiOnsicG9zdF9pZCI6IjE4In19@&#8221; button_text=&#8221;Cont\u00e1ctame&#8221; button_alignment=&#8221;right&#8221; button_alignment_tablet=&#8221;center&#8221; button_alignment_phone=&#8221;&#8221; button_alignment_last_edited=&#8221;on|desktop&#8221; _builder_version=&#8221;4.27.4&#8243; _dynamic_attributes=&#8221;button_url&#8221; _module_preset=&#8221;_initial&#8221; custom_button=&#8221;on&#8221; button_text_size=&#8221;14px&#8221; button_text_color=&#8221;#414764&#8243; button_bg_color=&#8221;#FFFFFF&#8221; button_border_width=&#8221;0px&#8221; button_border_radius=&#8221;0px&#8221; button_font=&#8221;Poppins|700|||||||&#8221; custom_margin=&#8221;10px||||false|false&#8221; custom_padding=&#8221;12px|24px|12px|24px|true|true&#8221; locked=&#8221;off&#8221; global_colors_info=&#8221;{}&#8221;][\/et_pb_button][\/et_pb_column][\/et_pb_row][\/et_pb_section]<\/p>\n","protected":false},"excerpt":{"rendered":"<p>FAQ Encuentre respuestas a las preguntas m\u00e1s frecuentesLas personas que acuden a m\u00ed buscan liberarse de traumas relacionados con: Problemas infantiles, acoso escolar, abuso sexual\/f\u00edsico, relaciones dif\u00edciles con los padres que afectan a las relaciones actuales con los hijos, las parejas y en el trabajo. Accidentes, supervivientes de c\u00e1ncer y otras afecciones de salud. Depresi\u00f3n [&hellip;]<\/p>\n","protected":false},"author":1,"featured_media":0,"parent":0,"menu_order":0,"comment_status":"closed","ping_status":"closed","template":"","meta":{"_et_pb_use_builder":"on","_et_pb_old_content":"<!-- wp:divi\/placeholder \/-->","_et_gb_content_width":"","om_disable_all_campaigns":false,"_joinchat":[],"footnotes":""},"class_list":["post-16","page","type-page","status-publish","hentry"],"jetpack_sharing_enabled":true,"_links":{"self":[{"href":"https:\/\/www.socorrodiaz.com\/es\/wp-json\/wp\/v2\/pages\/16","targetHints":{"allow":["GET"]}}],"collection":[{"href":"https:\/\/www.socorrodiaz.com\/es\/wp-json\/wp\/v2\/pages"}],"about":[{"href":"https:\/\/www.socorrodiaz.com\/es\/wp-json\/wp\/v2\/types\/page"}],"author":[{"embeddable":true,"href":"https:\/\/www.socorrodiaz.com\/es\/wp-json\/wp\/v2\/users\/1"}],"replies":[{"embeddable":true,"href":"https:\/\/www.socorrodiaz.com\/es\/wp-json\/wp\/v2\/comments?post=16"}],"version-history":[{"count":5,"href":"https:\/\/www.socorrodiaz.com\/es\/wp-json\/wp\/v2\/pages\/16\/revisions"}],"predecessor-version":[{"id":513,"href":"https:\/\/www.socorrodiaz.com\/es\/wp-json\/wp\/v2\/pages\/16\/revisions\/513"}],"wp:attachment":[{"href":"https:\/\/www.socorrodiaz.com\/es\/wp-json\/wp\/v2\/media?parent=16"}],"curies":[{"name":"wp","href":"https:\/\/api.w.org\/{rel}","templated":true}]}}