{"id":222,"date":"2025-09-10T03:06:08","date_gmt":"2025-09-10T03:06:08","guid":{"rendered":"https:\/\/www.socorrodiaz.com\/es\/?page_id=222"},"modified":"2025-09-30T20:39:24","modified_gmt":"2025-09-30T20:39:24","slug":"exencion-de-responsabilidad","status":"publish","type":"page","link":"https:\/\/www.socorrodiaz.com\/es\/exencion-de-responsabilidad\/","title":{"rendered":"Exenci\u00f3n de responsabilidad"},"content":{"rendered":"<p>[et_pb_section fb_built=&#8221;1&#8243; admin_label=&#8221;section&#8221; _builder_version=&#8221;4.27.4&#8243; background_color=&#8221;#FCFAF3&#8243; custom_padding=&#8221;||0px||false|false&#8221; da_disable_devices=&#8221;off|off|off&#8221; global_colors_info=&#8221;{}&#8221; da_is_popup=&#8221;off&#8221; da_exit_intent=&#8221;off&#8221; da_has_close=&#8221;on&#8221; da_alt_close=&#8221;off&#8221; da_dark_close=&#8221;off&#8221; da_not_modal=&#8221;on&#8221; da_is_singular=&#8221;off&#8221; da_with_loader=&#8221;off&#8221; da_has_shadow=&#8221;on&#8221;][et_pb_row admin_label=&#8221;row&#8221; _builder_version=&#8221;4.27.4&#8243; background_size=&#8221;initial&#8221; background_position=&#8221;top_left&#8221; background_repeat=&#8221;repeat&#8221; global_colors_info=&#8221;{}&#8221;][et_pb_column type=&#8221;4_4&#8243; _builder_version=&#8221;4.16&#8243; custom_padding=&#8221;|||&#8221; global_colors_info=&#8221;{}&#8221; custom_padding__hover=&#8221;|||&#8221;][et_pb_text _builder_version=&#8221;4.27.4&#8243; _module_preset=&#8221;_initial&#8221; text_font=&#8221;Poppins|300|||||||&#8221; header_2_font=&#8221;Roboto||||||||&#8221; header_2_text_color=&#8221;#263577&#8243; header_2_font_size=&#8221;46px&#8221; header_3_font=&#8221;Roboto||||||||&#8221; header_3_text_color=&#8221;#263577&#8243; header_3_font_size=&#8221;36px&#8221; header_3_line_height=&#8221;1.2em&#8221; header_6_font=&#8221;Roboto||||||||&#8221; text_orientation=&#8221;center&#8221; max_width_tablet=&#8221;100%&#8221; max_width_phone=&#8221;100%&#8221; max_width_last_edited=&#8221;off|desktop&#8221; custom_margin=&#8221;||10px||false|false&#8221; hover_enabled=&#8221;0&#8243; header_3_font_size_tablet=&#8221;20px&#8221; header_3_font_size_phone=&#8221;16px&#8221; header_3_font_size_last_edited=&#8221;on|desktop&#8221; locked=&#8221;off&#8221; global_colors_info=&#8221;{}&#8221; sticky_enabled=&#8221;0&#8243;]<\/p>\n<h2><span style=\"text-decoration: underline;\">Exenci\u00f3n de responsabilidad<\/span><\/h2>\n<p>[\/et_pb_text][\/et_pb_column][\/et_pb_row][\/et_pb_section][et_pb_section fb_built=&#8221;1&#8243; admin_label=&#8221;Footer&#8221; _builder_version=&#8221;4.27.4&#8243; _module_preset=&#8221;default&#8221; background_color=&#8221;#FCFAF3&#8243; background_enable_image=&#8221;off&#8221; background_size=&#8221;custom&#8221; background_image_width=&#8221;30%&#8221; background_position=&#8221;bottom_right&#8221; animation_style=&#8221;fade&#8221; animation_delay=&#8221;200ms&#8221; animation_starting_opacity=&#8221;20%&#8221; da_disable_devices=&#8221;off|off|off&#8221; saved_tabs=&#8221;all&#8221; collapsed=&#8221;on&#8221; global_colors_info=&#8221;{}&#8221; da_is_popup=&#8221;off&#8221; da_exit_intent=&#8221;off&#8221; da_has_close=&#8221;on&#8221; da_alt_close=&#8221;off&#8221; da_dark_close=&#8221;off&#8221; da_not_modal=&#8221;on&#8221; da_is_singular=&#8221;off&#8221; da_with_loader=&#8221;off&#8221; da_has_shadow=&#8221;on&#8221;][et_pb_row _builder_version=&#8221;4.27.4&#8243; _module_preset=&#8221;default&#8221; max_width=&#8221;660px&#8221; animation_style=&#8221;fade&#8221; global_colors_info=&#8221;{}&#8221;][et_pb_column type=&#8221;4_4&#8243; _builder_version=&#8221;4.21.0&#8243; _module_preset=&#8221;default&#8221; global_colors_info=&#8221;{}&#8221;][et_pb_text _builder_version=&#8221;4.27.4&#8243; _module_preset=&#8221;default&#8221; text_font=&#8221;Poppins|300|||||||&#8221; text_text_color=&#8221;#040506&#8243; text_orientation=&#8221;justified&#8221; hover_enabled=&#8221;0&#8243; global_colors_info=&#8221;{}&#8221; sticky_enabled=&#8221;0&#8243;]Asumo toda la responsabilidad por mi experiencia. Entiendo que las Constelaciones Familiares y la Sanaci\u00f3n Som\u00e1tica pueden ser emocionalmente intensas. Entiendo que esta sesi\u00f3n y las sesiones futuras pueden sacar a relucir cuestiones de naturaleza muy personal que pueden provocarme respuestas emocionales o f\u00edsicas inesperadas y\/o desagradables.<\/p>\n<p>Adem\u00e1s, entiendo que puedo experimentar angustia mental, emocional, f\u00edsica o espiritual y que dicha angustia puede provocar sentimientos desagradables. Acepto asumir este riesgo, incluyendo, entre otros, los tipos de reacciones descritos.<\/p>\n<p>Actualmente no padezco ninguna discapacidad mental o f\u00edsica grave, y no se me ha diagnosticado en el pasado ning\u00fan trastorno, afecci\u00f3n o lesi\u00f3n, ya sea f\u00edsica o mental, que haga desaconsejable que asuma tales riesgos.<\/p>\n<p>Reconozco que Socorro D\u00edaz no es terapeuta ni m\u00e9dico con licencia en California. Ella presta servicios profesionales de acuerdo con su formaci\u00f3n y experiencia, en apoyo a sus clientes. Las sesiones de constelaciones y som\u00e1ticas no est\u00e1n dise\u00f1adas para sustituir la terapia con un profesional de la salud mental ni para sustituir cualquier otra consulta profesional.<\/p>\n<p>Esta sesi\u00f3n est\u00e1 dise\u00f1ada \u00fanicamente como una experiencia educativa. Acepto voluntariamente las declaraciones anteriores y eximo de toda responsabilidad a Socorro D\u00edaz, y doy mi consentimiento para participar en una sesi\u00f3n de constelaciones familiares o som\u00e1ticas.[\/et_pb_text][\/et_pb_column][\/et_pb_row][et_pb_row _builder_version=&#8221;4.27.4&#8243; _module_preset=&#8221;default&#8221; max_width=&#8221;660px&#8221; global_colors_info=&#8221;{}&#8221;][et_pb_column type=&#8221;4_4&#8243; _builder_version=&#8221;4.27.4&#8243; _module_preset=&#8221;default&#8221; global_colors_info=&#8221;{}&#8221;][et_pb_text _builder_version=&#8221;4.27.4&#8243; _module_preset=&#8221;default&#8221; text_font=&#8221;Poppins|300|||||||&#8221; header_2_text_color=&#8221;#263577&#8243; hover_enabled=&#8221;0&#8243; global_colors_info=&#8221;{}&#8221; sticky_enabled=&#8221;0&#8243;]<\/p>\n<h2>Por favor, complete lo siguiente.<\/h2>\n<p>[\/et_pb_text][et_pb_text _builder_version=&#8221;4.27.4&#8243; _module_preset=&#8221;default&#8221; text_font=&#8221;Poppins|300|||||||&#8221; text_text_color=&#8221;#040506&#8243; header_2_text_color=&#8221;#263577&#8243; hover_enabled=&#8221;0&#8243; global_colors_info=&#8221;{}&#8221; sticky_enabled=&#8221;0&#8243;]<\/p>\n\n<div class=\"wpcf7 no-js\" id=\"wpcf7-f221-o1\" lang=\"es-ES\" dir=\"ltr\" data-wpcf7-id=\"221\">\n<div class=\"screen-reader-response\"><p role=\"status\" aria-live=\"polite\" aria-atomic=\"true\"><\/p> <ul><\/ul><\/div>\n<form action=\"\/es\/wp-json\/wp\/v2\/pages\/222#wpcf7-f221-o1\" method=\"post\" class=\"wpcf7-form init cf7-custom-form\" aria-label=\"Formulario de contacto\" novalidate=\"novalidate\" data-status=\"init\">\n<fieldset class=\"hidden-fields-container\"><input type=\"hidden\" name=\"_wpcf7\" value=\"221\" \/><input type=\"hidden\" name=\"_wpcf7_version\" value=\"6.1.5\" \/><input type=\"hidden\" name=\"_wpcf7_locale\" value=\"es_ES\" \/><input type=\"hidden\" name=\"_wpcf7_unit_tag\" value=\"wpcf7-f221-o1\" \/><input type=\"hidden\" name=\"_wpcf7_container_post\" value=\"0\" \/><input type=\"hidden\" name=\"_wpcf7_posted_data_hash\" value=\"\" \/><input type=\"hidden\" name=\"_wpcf7_recaptcha_response\" value=\"\" \/>\n<\/fieldset>\n<p><label> Nombre *<br \/>\n<span class=\"wpcf7-form-control-wrap\" data-name=\"your-name\"><input size=\"40\" maxlength=\"400\" class=\"wpcf7-form-control wpcf7-text wpcf7-validates-as-required\" aria-required=\"true\" aria-invalid=\"false\" value=\"\" type=\"text\" name=\"your-name\" \/><\/span> <\/label>\n<\/p>\n<p><label> Apellido *<br \/>\n<span class=\"wpcf7-form-control-wrap\" data-name=\"text-838\"><input size=\"40\" maxlength=\"400\" class=\"wpcf7-form-control wpcf7-text\" id=\"15\" aria-invalid=\"false\" value=\"\" type=\"text\" name=\"text-838\" \/><\/span> <\/label>\n<\/p>\n<p><label> Firma *<br \/>\n<div class=\"dscf7_signature\">\n\t\t\t<div class=\"dscf7_signature_inner\">\n\t\t\t\t<canvas id=\"digital_signature-pad_signature-732\" name=\"signature-732\" class=\"digital_signature-pad\" color=\"#000000\" backcolor=\"#dddddd\" width=\"300\" height=\"200\"><\/canvas>\n\t\t\t\t<input class=\"clearButton\" type=\"button\" value=\"+\">\n\t\t\t<\/div>\n\t\t\t<span class=\"wpcf7-form-control-wrap signature-732\" data-name=\"signature-732\">\n\t\t\t\t<input class=\"wpcf7-form-control wpcf7-signature wpcf7-validates-as-required wpcf7-validates-as-signature cf7-signature dscf7-signature\" id=\"10\" value=\"\" type=\"hidden\" name=\"signature-732\"\/>\n\t\t\t\t<input type=\"hidden\" name=\"signature-732-attachment\" class=\"wpcf7_input_signature-732_attachment\"\/>\n\t\t\t\t<input type=\"hidden\" name=\"signature-732-inline\" class=\"wpcf7_input_signature-732_inline\"\/>\n\t\t\t<\/span>\n\t\t<\/div><\/label>\n<\/p>\n<p><label> Fecha de hoy *<br \/>\n<span class=\"wpcf7-form-control-wrap\" data-name=\"date-172\"><input class=\"wpcf7-form-control wpcf7-date wpcf7-validates-as-date\" aria-invalid=\"false\" value=\"\" type=\"date\" name=\"date-172\" \/><\/span><\/label>\n<\/p>\n<div class=\"cf7-btn-wrap\">\n\t<p><input class=\"wpcf7-form-control wpcf7-submit has-spinner\" type=\"submit\" value=\"Enviar\" \/>\n\t<\/p>\n<\/div><div class=\"wpcf7-response-output\" aria-hidden=\"true\"><\/div>\n<\/form>\n<\/div>\n\n<p>[\/et_pb_text][\/et_pb_column][\/et_pb_row][\/et_pb_section]<\/p>\n","protected":false},"excerpt":{"rendered":"<p>Exenci\u00f3n de responsabilidadAsumo toda la responsabilidad por mi experiencia. Entiendo que las Constelaciones Familiares y la Sanaci\u00f3n Som\u00e1tica pueden ser emocionalmente intensas. Entiendo que esta sesi\u00f3n y las sesiones futuras pueden sacar a relucir cuestiones de naturaleza muy personal que pueden provocarme respuestas emocionales o f\u00edsicas inesperadas y\/o desagradables. Adem\u00e1s, entiendo que puedo experimentar angustia [&hellip;]<\/p>\n","protected":false},"author":1,"featured_media":0,"parent":0,"menu_order":0,"comment_status":"closed","ping_status":"closed","template":"","meta":{"_et_pb_use_builder":"on","_et_pb_old_content":"<!-- wp:divi\/placeholder \/-->","_et_gb_content_width":"","om_disable_all_campaigns":false,"_joinchat":[],"footnotes":""},"class_list":["post-222","page","type-page","status-publish","hentry"],"jetpack_sharing_enabled":true,"_links":{"self":[{"href":"https:\/\/www.socorrodiaz.com\/es\/wp-json\/wp\/v2\/pages\/222","targetHints":{"allow":["GET"]}}],"collection":[{"href":"https:\/\/www.socorrodiaz.com\/es\/wp-json\/wp\/v2\/pages"}],"about":[{"href":"https:\/\/www.socorrodiaz.com\/es\/wp-json\/wp\/v2\/types\/page"}],"author":[{"embeddable":true,"href":"https:\/\/www.socorrodiaz.com\/es\/wp-json\/wp\/v2\/users\/1"}],"replies":[{"embeddable":true,"href":"https:\/\/www.socorrodiaz.com\/es\/wp-json\/wp\/v2\/comments?post=222"}],"version-history":[{"count":5,"href":"https:\/\/www.socorrodiaz.com\/es\/wp-json\/wp\/v2\/pages\/222\/revisions"}],"predecessor-version":[{"id":517,"href":"https:\/\/www.socorrodiaz.com\/es\/wp-json\/wp\/v2\/pages\/222\/revisions\/517"}],"wp:attachment":[{"href":"https:\/\/www.socorrodiaz.com\/es\/wp-json\/wp\/v2\/media?parent=222"}],"curies":[{"name":"wp","href":"https:\/\/api.w.org\/{rel}","templated":true}]}}