{"id":370,"date":"2025-09-15T04:21:59","date_gmt":"2025-09-15T04:21:59","guid":{"rendered":"https:\/\/www.socorrodiaz.com\/web\/?post_type=product&#038;p=370"},"modified":"2025-09-15T04:44:58","modified_gmt":"2025-09-15T04:44:58","slug":"family-constellations-27-sep","status":"publish","type":"product","link":"https:\/\/www.socorrodiaz.com\/web\/product\/family-constellations-27-sep\/","title":{"rendered":"Constelaciones Familiares"},"content":{"rendered":"<p>Este mes, te invito a mis talleres de Constelaciones Familiares, un espacio para entender las din\u00e1micas que nos limitan y encontrar nuevos caminos.<\/p>\n<p>Tenemos opciones para todos, \u00a1elige la que mejor te funcione!<br \/>\n\ud83d\uddd3 Fechas y Horarios:<\/p>\n<p>* En l\u00ednea (en ingl\u00e9s): Mi\u00e9rcoles, 17 de septiembre \u00b7 6-8 PM PST<br \/>\n* En l\u00ednea (en espa\u00f1ol): Mi\u00e9rcoles, 24 de septiembre \u00b7 6-8 PM PST<br \/>\n* Presencial (en ingl\u00e9s): S\u00e1bado, 27 de septiembre \u00b7 1:30-3:30 PM \u00b7 Huntington Beach<br \/>\n* Presencial (en espa\u00f1ol): Domingo, 28 de septiembre \u00b7 1:30-3:30 PM \u00b7 Mission Viejo<\/p>\n<p>Inversi\u00f3n:<br \/>\n* Presencial: $150<br \/>\n* En linea: $130<\/p>\n<p>Asegura tu lugar:<br \/>\n* Venmo: @Socorro-Diaz-2<br \/>\n* Zelle: 949-291-3174<br \/>\n* Tambi\u00e9n puedes enviarme un mensaje de texto al 949-291-3174 para reservar.<\/p>\n<p>\u00bfProblemas con el pago? No te preocupes. Si la parte financiera es un problema, escr\u00edbeme y lo resolvemos.<\/p>\n<p>\u00a1El espacio es limitado! No esperes m\u00e1s y reserva tu lugar hoy mismo. \u00a1Invita a un amigo y vivan juntos esta\u00a0experiencia!<\/p>\n","protected":false},"excerpt":{"rendered":"<p>\ud83d\udcc5: September 27, 2025<br \/>\n\u23f0: 6:00 PM \u2013 8:00 PM<br \/>\n\ud83c\udf0e: Online<\/p>\n","protected":false},"featured_media":373,"comment_status":"open","ping_status":"closed","template":"","meta":{"_acf_changed":false,"_et_pb_use_builder":"","_et_pb_old_content":"","_et_gb_content_width":"","om_disable_all_campaigns":false,"_joinchat":[]},"product_brand":[],"product_cat":[24],"product_tag":[],"class_list":{"0":"post-370","1":"product","2":"type-product","3":"status-publish","4":"has-post-thumbnail","6":"product_cat-events","8":"first","9":"instock","10":"virtual","11":"purchasable","12":"product-type-simple"},"acf":[],"jetpack_sharing_enabled":true,"_links":{"self":[{"href":"https:\/\/www.socorrodiaz.com\/web\/wp-json\/wp\/v2\/product\/370","targetHints":{"allow":["GET"]}}],"collection":[{"href":"https:\/\/www.socorrodiaz.com\/web\/wp-json\/wp\/v2\/product"}],"about":[{"href":"https:\/\/www.socorrodiaz.com\/web\/wp-json\/wp\/v2\/types\/product"}],"replies":[{"embeddable":true,"href":"https:\/\/www.socorrodiaz.com\/web\/wp-json\/wp\/v2\/comments?post=370"}],"wp:featuredmedia":[{"embeddable":true,"href":"https:\/\/www.socorrodiaz.com\/web\/wp-json\/wp\/v2\/media\/373"}],"wp:attachment":[{"href":"https:\/\/www.socorrodiaz.com\/web\/wp-json\/wp\/v2\/media?parent=370"}],"wp:term":[{"taxonomy":"product_brand","embeddable":true,"href":"https:\/\/www.socorrodiaz.com\/web\/wp-json\/wp\/v2\/product_brand?post=370"},{"taxonomy":"product_cat","embeddable":true,"href":"https:\/\/www.socorrodiaz.com\/web\/wp-json\/wp\/v2\/product_cat?post=370"},{"taxonomy":"product_tag","embeddable":true,"href":"https:\/\/www.socorrodiaz.com\/web\/wp-json\/wp\/v2\/product_tag?post=370"}],"curies":[{"name":"wp","href":"https:\/\/api.w.org\/{rel}","templated":true}]}}