{"id":506,"date":"2025-10-01T21:05:35","date_gmt":"2025-10-01T21:05:35","guid":{"rendered":"https:\/\/www.socorrodiaz.com\/web\/?post_type=product&#038;p=506"},"modified":"2025-10-01T21:30:37","modified_gmt":"2025-10-01T21:30:37","slug":"libera-la-abundancia","status":"publish","type":"product","link":"https:\/\/www.socorrodiaz.com\/web\/product\/libera-la-abundancia\/","title":{"rendered":"Libera la Abundancia"},"content":{"rendered":"<p>\u00a1Tu abundancia te espera!<br \/>\n\u00bfSientes que trabajas duro, pero el dinero, el \u00e9xito o la satisfacci\u00f3n no fluyen en tu vida?<\/p>\n<p>Detr\u00e1s de tus bloqueos financieros y de prosperidad, a menudo hay \u00f3rdenes sist\u00e9micas no respetadas en tu sistema familiar. No se trata de suerte, se trata de flujo.<\/p>\n<p>En este taller transformador, basado en la nueva filosof\u00eda de las Constelaciones Familiares, descubrir\u00e1s c\u00f3mo:<\/p>\n<p>\u2705 Decir si a la vida para abrirte a recibir sin culpa.<br \/>\n\u2705 Honrar a tus antepasados y obtener fuerza para el \u00e9xito.<br \/>\n\u2705 Equilibrar el dar y el recibir para que la energ\u00eda de la abundancia fluya libremente.<\/p>\n<p>\ud83d\udcc5 Fechas y horarios<\/p>\n<p>Espa\u00f1ol: mi\u00e9rcoles, 22 de octubre, 6:30 p. m. (hora de California)<br \/>\nIngl\u00e9s: jueves, 23 de octubre, 6:30 p. m. (hora de California)<br \/>\nTaller 100 % EN L\u00cdNEA: Libera la abundancia: descubre y honra los \u00f3rdenes sist\u00e9micos de dar y recibir.<\/p>\n<p>\u00a1Es hora de ocupar tu lugar y recibir todo lo que la vida tiene para ofrecerte!<\/p>\n","protected":false},"excerpt":{"rendered":"<p>\ud83d\udcc5: October 23, 2025<br \/>\n\u23f0: 6:30 PM<br \/>\n\ud83c\udf0e: Online<\/p>\n","protected":false},"featured_media":505,"comment_status":"open","ping_status":"closed","template":"","meta":{"_acf_changed":false,"_et_pb_use_builder":"","_et_pb_old_content":"","_et_gb_content_width":"","om_disable_all_campaigns":false,"_joinchat":[]},"product_brand":[26],"product_cat":[23],"product_tag":[],"class_list":{"0":"post-506","1":"product","2":"type-product","3":"status-publish","4":"has-post-thumbnail","6":"product_brand-online","7":"product_cat-sin-categorizar","9":"first","10":"instock","11":"virtual","12":"purchasable","13":"product-type-simple"},"acf":[],"jetpack_sharing_enabled":true,"_links":{"self":[{"href":"https:\/\/www.socorrodiaz.com\/web\/wp-json\/wp\/v2\/product\/506","targetHints":{"allow":["GET"]}}],"collection":[{"href":"https:\/\/www.socorrodiaz.com\/web\/wp-json\/wp\/v2\/product"}],"about":[{"href":"https:\/\/www.socorrodiaz.com\/web\/wp-json\/wp\/v2\/types\/product"}],"replies":[{"embeddable":true,"href":"https:\/\/www.socorrodiaz.com\/web\/wp-json\/wp\/v2\/comments?post=506"}],"wp:featuredmedia":[{"embeddable":true,"href":"https:\/\/www.socorrodiaz.com\/web\/wp-json\/wp\/v2\/media\/505"}],"wp:attachment":[{"href":"https:\/\/www.socorrodiaz.com\/web\/wp-json\/wp\/v2\/media?parent=506"}],"wp:term":[{"taxonomy":"product_brand","embeddable":true,"href":"https:\/\/www.socorrodiaz.com\/web\/wp-json\/wp\/v2\/product_brand?post=506"},{"taxonomy":"product_cat","embeddable":true,"href":"https:\/\/www.socorrodiaz.com\/web\/wp-json\/wp\/v2\/product_cat?post=506"},{"taxonomy":"product_tag","embeddable":true,"href":"https:\/\/www.socorrodiaz.com\/web\/wp-json\/wp\/v2\/product_tag?post=506"}],"curies":[{"name":"wp","href":"https:\/\/api.w.org\/{rel}","templated":true}]}}